{"id":1063,"date":"2025-03-04T09:20:40","date_gmt":"2025-03-04T02:20:40","guid":{"rendered":"https:\/\/ericguild.gg\/?page_id=1063"},"modified":"2025-05-02T08:06:14","modified_gmt":"2025-05-02T01:06:14","slug":"card-strategy-game","status":"publish","type":"page","link":"https:\/\/ericguild.gg\/vi\/tro-choi-chien-luoc-the-bai\/","title":{"rendered":"Tr\u00f2 ch\u01a1i th\u1ebb b\u00e0i &amp; chi\u1ebfn l\u01b0\u1ee3c"},"content":{"rendered":"<div data-elementor-type=\"wp-page\" data-elementor-id=\"1063\" class=\"elementor elementor-1063\" data-elementor-post-type=\"page\">\n\t\t\t\t<div class=\"elementor-element elementor-element-e40b49e e-flex e-con-boxed e-con e-parent\" data-id=\"e40b49e\" data-element_type=\"container\">\n\t\t\t\t\t<div class=\"e-con-inner\">\n\t\t<div class=\"elementor-element elementor-element-54cafbe e-con-full e-flex e-con e-child\" data-id=\"54cafbe\" data-element_type=\"container\">\n\t\t\t\t<div class=\"elementor-element elementor-element-4529cbe ct__breadcrumbs elementor-widget elementor-widget-breadcrumbs\" data-id=\"4529cbe\" data-element_type=\"widget\" data-widget_type=\"breadcrumbs.default\">\n\t\t\t\t<div class=\"elementor-widget-container\">\n\t\t\t<p id=\"breadcrumbs\"><span><span><a href=\"https:\/\/ericguild.gg\/vi\">Trang ch\u1ee7<\/a><\/span><\/span><\/p>\t\t<\/div>\n\t\t\t\t<\/div>\n\t\t\t\t<\/div>\n\t\t<div class=\"elementor-element elementor-element-896c693 e-con-full e-flex e-con e-child\" data-id=\"896c693\" data-element_type=\"container\">\n\t\t\t\t<div class=\"elementor-element elementor-element-5b768f2 elementor-widget elementor-widget-image\" data-id=\"5b768f2\" data-element_type=\"widget\" data-widget_type=\"image.default\">\n\t\t\t\t<div class=\"elementor-widget-container\">\n\t\t\t\t\t\t\t\t\t\t\t\t\t<img decoding=\"async\" width=\"36\" height=\"40\" src=\"https:\/\/ericguild.gg\/wp-content\/uploads\/2024\/04\/icon-0948042224.svg\" class=\"attachment-full size-full wp-image-146\" alt=\"\" \/>\t\t\t\t\t\t\t\t\t\t\t\t\t<\/div>\n\t\t\t\t<\/div>\n\t\t\t\t<div class=\"elementor-element elementor-element-2f5b85f ct__title-color elementor-widget elementor-widget-heading\" data-id=\"2f5b85f\" data-element_type=\"widget\" data-widget_type=\"heading.default\">\n\t\t\t\t<div class=\"elementor-widget-container\">\n\t\t\t<h1 class=\"elementor-heading-title elementor-size-default\">Tr\u00f2 ch\u01a1i th\u1ebb b\u00e0i &amp; chi\u1ebfn l\u01b0\u1ee3c<\/h1>\t\t<\/div>\n\t\t\t\t<\/div>\n\t\t\t\t<\/div>\n\t\t\t\t<div class=\"elementor-element elementor-element-ff28731 tt__button elementor-grid-3 elementor-grid-tablet-2 elementor-grid-mobile-1 elementor-widget elementor-widget-loop-grid\" data-id=\"ff28731\" data-element_type=\"widget\" data-settings=\"{&quot;template_id&quot;:&quot;151&quot;,&quot;pagination_type&quot;:&quot;load_more_on_click&quot;,&quot;_skin&quot;:&quot;post&quot;,&quot;columns&quot;:&quot;3&quot;,&quot;columns_tablet&quot;:&quot;2&quot;,&quot;columns_mobile&quot;:&quot;1&quot;,&quot;edit_handle_selector&quot;:&quot;[data-elementor-type=\\&quot;loop-item\\&quot;]&quot;,&quot;load_more_spinner&quot;:{&quot;value&quot;:&quot;fas fa-spinner&quot;,&quot;library&quot;:&quot;fa-solid&quot;},&quot;row_gap&quot;:{&quot;unit&quot;:&quot;px&quot;,&quot;size&quot;:&quot;&quot;,&quot;sizes&quot;:[]},&quot;row_gap_tablet&quot;:{&quot;unit&quot;:&quot;px&quot;,&quot;size&quot;:&quot;&quot;,&quot;sizes&quot;:[]},&quot;row_gap_mobile&quot;:{&quot;unit&quot;:&quot;px&quot;,&quot;size&quot;:&quot;&quot;,&quot;sizes&quot;:[]}}\" data-widget_type=\"loop-grid.post\">\n\t\t\t\t<div class=\"elementor-widget-container\">\n\t\t\t\t\t<div class=\"elementor-loop-container elementor-grid\">\n\t\t<style id=\"loop-151\">.elementor-151 .elementor-element.elementor-element-726cd2f{--display:flex;--flex-direction:column;--container-widget-width:100%;--container-widget-height:initial;--container-widget-flex-grow:0;--container-widget-align-self:initial;--flex-wrap-mobile:wrap;--background-transition:0.3s;}.elementor-widget-theme-post-featured-image .widget-image-caption{color:var( --e-global-color-text );font-family:var( --e-global-typography-text-font-family ), Sans-serif;font-weight:var( --e-global-typography-text-font-weight );}.elementor-151 .elementor-element.elementor-element-40cec44 img{height:190px;border-radius:16px 16px 16px 16px;}.elementor-widget-theme-post-title .elementor-heading-title{color:var( --e-global-color-primary );font-family:var( --e-global-typography-primary-font-family ), Sans-serif;font-weight:var( --e-global-typography-primary-font-weight );}.elementor-151 .elementor-element.elementor-element-842a207 .elementor-heading-title{color:var( --e-global-color-54804ba );font-family:\"Inter\", Sans-serif;font-size:18px;font-weight:700;line-height:1.5em;}.elementor-widget-theme-post-excerpt .elementor-widget-container{color:var( --e-global-color-text );font-family:var( --e-global-typography-text-font-family ), Sans-serif;font-weight:var( --e-global-typography-text-font-weight );}.elementor-151 .elementor-element.elementor-element-f4c371a .elementor-widget-container{color:var( --e-global-color-54804ba );font-family:\"Inter\", Sans-serif;font-size:13px;font-weight:400;}.elementor-151 .elementor-element.elementor-element-1a965b1{--display:flex;--flex-direction:row;--container-widget-width:initial;--container-widget-height:100%;--container-widget-flex-grow:1;--container-widget-align-self:stretch;--flex-wrap-mobile:wrap;--justify-content:space-between;--background-transition:0.3s;--padding-top:0px;--padding-bottom:0px;--padding-left:0px;--padding-right:0px;}.elementor-151 .elementor-element.elementor-element-48fa807{--display:flex;--justify-content:center;--align-items:flex-start;--container-widget-width:calc( ( 1 - var( --container-widget-flex-grow ) ) * 100% );--background-transition:0.3s;--padding-top:0px;--padding-bottom:0px;--padding-left:0px;--padding-right:0px;}.elementor-widget-button .elementor-button{background-color:var( --e-global-color-accent );font-family:var( --e-global-typography-accent-font-family ), Sans-serif;font-weight:var( --e-global-typography-accent-font-weight );}.elementor-151 .elementor-element.elementor-element-3a3921b .elementor-button{background-color:#2021A300;font-family:\"Inter\", Sans-serif;font-size:14px;font-weight:400;fill:var( --e-global-color-b82b2d5 );color:var( --e-global-color-b82b2d5 );padding:0px 0px 0px 0px;}.elementor-151 .elementor-element.elementor-element-3a3921b .elementor-button-content-wrapper{flex-direction:row-reverse;}.elementor-151 .elementor-element.elementor-element-d33d4c7{--display:flex;--justify-content:center;--align-items:flex-end;--container-widget-width:calc( ( 1 - var( --container-widget-flex-grow ) ) * 100% );--background-transition:0.3s;--padding-top:0px;--padding-bottom:0px;--padding-left:0px;--padding-right:0px;}.elementor-widget-post-info .elementor-icon-list-item:not(:last-child):after{border-color:var( --e-global-color-text );}.elementor-widget-post-info .elementor-icon-list-icon i{color:var( --e-global-color-primary );}.elementor-widget-post-info .elementor-icon-list-icon svg{fill:var( --e-global-color-primary );}.elementor-widget-post-info .elementor-icon-list-text, .elementor-widget-post-info .elementor-icon-list-text a{color:var( --e-global-color-secondary );}.elementor-widget-post-info .elementor-icon-list-item{font-family:var( --e-global-typography-text-font-family ), Sans-serif;font-weight:var( --e-global-typography-text-font-weight );}.elementor-151 .elementor-element.elementor-element-8cf891a .elementor-icon-list-icon{width:14px;}.elementor-151 .elementor-element.elementor-element-8cf891a .elementor-icon-list-icon i{font-size:14px;}.elementor-151 .elementor-element.elementor-element-8cf891a .elementor-icon-list-icon svg{--e-icon-list-icon-size:14px;}.elementor-151 .elementor-element.elementor-element-8cf891a .elementor-icon-list-text, .elementor-151 .elementor-element.elementor-element-8cf891a .elementor-icon-list-text a{color:var( --e-global-color-54804ba );}.elementor-151 .elementor-element.elementor-element-8cf891a .elementor-icon-list-item{font-family:\"Inter\", Sans-serif;font-size:14px;font-weight:400;}@media(max-width:767px){.elementor-151 .elementor-element.elementor-element-48fa807{--width:46%;}.elementor-151 .elementor-element.elementor-element-d33d4c7{--width:46%;}}\/* Start custom CSS for theme-post-title, class: .elementor-element-842a207 *\/.elementor-151 .elementor-element.elementor-element-842a207 {\r\n    overflow: hidden;\r\n    display: -webkit-box;\r\n    -webkit-line-clamp: 1;\r\n    -webkit-box-orient: vertical;\r\n}\/* End custom CSS *\/\n\/* Start custom CSS for theme-post-excerpt, class: .elementor-element-f4c371a *\/.elementor-151 .elementor-element.elementor-element-f4c371a {\r\n    overflow: hidden;\r\n    display: -webkit-box;\r\n    -webkit-line-clamp: 2;\r\n    -webkit-box-orient: vertical;\r\n}\/* End custom CSS *\/<\/style>\t\t<div data-elementor-type=\"loop-item\" data-elementor-id=\"151\" class=\"elementor elementor-151 e-loop-item e-loop-item-280 post-280 post type-post status-publish format-standard has-post-thumbnail hentry category-card-strategy-game category-featured-news tag-blockchain-game tag-mavia tag-mavia-token tag-nft-gaming tag-strategy-game\" data-elementor-post-type=\"elementor_library\" data-custom-edit-handle=\"1\">\n\t\t\t<div class=\"elementor-element elementor-element-726cd2f e-flex e-con-boxed e-con e-parent\" data-id=\"726cd2f\" data-element_type=\"container\">\n\t\t\t\t\t<div class=\"e-con-inner\">\n\t\t\t\t<div class=\"elementor-element elementor-element-40cec44 elementor-widget elementor-widget-theme-post-featured-image elementor-widget-image\" data-id=\"40cec44\" data-element_type=\"widget\" data-widget_type=\"theme-post-featured-image.default\">\n\t\t\t\t<div class=\"elementor-widget-container\">\n\t\t\t\t\t\t\t\t\t\t\t\t\t\t<a href=\"https:\/\/ericguild.gg\/vi\/game-nft-dai-chien-thu-thanh-mavia-studio-game-xin-voi-dan-backer-khung\/\">\n\t\t\t\t\t\t\t<img fetchpriority=\"high\" decoding=\"async\" width=\"1200\" height=\"600\" src=\"https:\/\/ericguild.gg\/wp-content\/uploads\/2024\/05\/EGG-FRAME-2.png\" class=\"attachment-full size-full wp-image-281\" alt=\"Game NFT \u0111\u1ea1i chi\u1ebfn th\u1ee7 th\u00e0nh MAVIA, studio game x\u1ecbn v\u1edbi d\u00e0n backer kh\u1ee7ng\" srcset=\"https:\/\/ericguild.gg\/wp-content\/uploads\/2024\/05\/EGG-FRAME-2.png 1200w, https:\/\/ericguild.gg\/wp-content\/uploads\/2024\/05\/EGG-FRAME-2-300x150.png 300w, https:\/\/ericguild.gg\/wp-content\/uploads\/2024\/05\/EGG-FRAME-2-1024x512.png 1024w, https:\/\/ericguild.gg\/wp-content\/uploads\/2024\/05\/EGG-FRAME-2-768x384.png 768w\" sizes=\"(max-width: 1200px) 100vw, 1200px\" \/>\t\t\t\t\t\t\t\t<\/a>\n\t\t\t\t\t\t\t\t\t\t\t\t\t<\/div>\n\t\t\t\t<\/div>\n\t\t\t\t<div class=\"elementor-element elementor-element-842a207 elementor-widget elementor-widget-theme-post-title elementor-page-title elementor-widget-heading\" data-id=\"842a207\" data-element_type=\"widget\" data-widget_type=\"theme-post-title.default\">\n\t\t\t\t<div class=\"elementor-widget-container\">\n\t\t\t<h3 class=\"elementor-heading-title elementor-size-default\"><a href=\"https:\/\/ericguild.gg\/vi\/game-nft-dai-chien-thu-thanh-mavia-studio-game-xin-voi-dan-backer-khung\/\">Tr\u00f2 ch\u01a1i Heroes of Mavia v\u1edbi s\u1ef1 \u0111\u1ea7u t\u01b0 l\u1edbn c\u1ee7a studio<\/a><\/h3>\t\t<\/div>\n\t\t\t\t<\/div>\n\t\t\t\t<div class=\"elementor-element elementor-element-f4c371a elementor-widget elementor-widget-theme-post-excerpt\" data-id=\"f4c371a\" data-element_type=\"widget\" data-widget_type=\"theme-post-excerpt.default\">\n\t\t\t\t<div class=\"elementor-widget-container\">\n\t\t\t<p>Tr\u00f2 ch\u01a1i Heroes of Mavia cung c\u1ea5p tr\u1ea3i nghi\u1ec7m ph\u00f2ng th\u1ee7 th\u00e1p ho\u00e0nh tr\u00e1ng v\u1edbi NFT, cho ph\u00e9p x\u00e2y d\u1ef1ng, chi\u1ebfn \u0111\u1ea5u v\u00e0 chinh ph\u1ee5c tr\u00ean m\u1ed9t h\u00f2n \u0111\u1ea3o chi\u1ebfn l\u01b0\u1ee3c v\u1eabn nh\u1eadn \u0111\u01b0\u1ee3c ph\u1ea7n th\u01b0\u1edfng. Tr\u00f2 ch\u01a1i Heroes of Mavia l\u00e0 g\u00ec? Tr\u00f2 ch\u01a1i Heroes of Mavia l\u00e0 m\u1ed9t tr\u00f2 ch\u01a1i ph\u00f2ng th\u1ee7 th\u00e1p NFT chi\u1ebfn l\u01b0\u1ee3c d\u00e0nh cho n\u1ec1n t\u1ea3ng di \u0111\u1ed9ng. N\u00f3 \u0111\u01b0\u1ee3c ph\u00e2n lo\u1ea1i l\u00e0 tr\u00f2 ch\u01a1i AAA (triple-A) do [\u2026]<\/p>\n\t\t<\/div>\n\t\t\t\t<\/div>\n\t\t<div class=\"elementor-element elementor-element-1a965b1 e-flex e-con-boxed e-con e-child\" data-id=\"1a965b1\" data-element_type=\"container\">\n\t\t\t\t\t<div class=\"e-con-inner\">\n\t\t<div class=\"elementor-element elementor-element-48fa807 e-con-full e-flex e-con e-child\" data-id=\"48fa807\" data-element_type=\"container\">\n\t\t\t\t<div class=\"elementor-element elementor-element-3a3921b elementor-widget elementor-widget-button\" data-id=\"3a3921b\" data-element_type=\"widget\" data-widget_type=\"button.default\">\n\t\t\t\t<div class=\"elementor-widget-container\">\n\t\t\t\t\t\t\t<div class=\"elementor-button-wrapper\">\n\t\t\t\t\t<a class=\"elementor-button elementor-button-link elementor-size-sm\" href=\"https:\/\/ericguild.gg\/vi\/game-nft-dai-chien-thu-thanh-mavia-studio-game-xin-voi-dan-backer-khung\/\">\n\t\t\t\t\t\t<span class=\"elementor-button-content-wrapper\">\n\t\t\t\t\t\t<span class=\"elementor-button-icon\">\n\t\t\t\t<svg aria-hidden=\"true\" class=\"e-font-icon-svg e-far-arrow-alt-circle-right\" viewbox=\"0 0 512 512\" xmlns=\"http:\/\/www.w3.org\/2000\/svg\"><path d=\"M504 256C504 119 393 8 256 8S8 119 8 256s111 248 248 248 248-111 248-248zm-448 0c0-110.5 89.5-200 200-200s200 89.5 200 200-89.5 200-200 200S56 366.5 56 256zm72 20v-40c0-6.6 5.4-12 12-12h116v-67c0-10.7 12.9-16 20.5-8.5l99 99c4.7 4.7 4.7 12.3 0 17l-99 99c-7.6 7.6-20.5 2.2-20.5-8.5v-67H140c-6.6 0-12-5.4-12-12z\"><\/path><\/svg>\t\t\t<\/span>\n\t\t\t\t\t\t\t\t\t<span class=\"elementor-button-text\">\u0110\u1ecdc th\u00eam<\/span>\n\t\t\t\t\t<\/span>\n\t\t\t\t\t<\/a>\n\t\t\t\t<\/div>\n\t\t\t\t\t\t<\/div>\n\t\t\t\t<\/div>\n\t\t\t\t<\/div>\n\t\t<div class=\"elementor-element elementor-element-d33d4c7 e-con-full e-flex e-con e-child\" data-id=\"d33d4c7\" data-element_type=\"container\">\n\t\t\t\t<div class=\"elementor-element elementor-element-8cf891a elementor-align-right elementor-widget elementor-widget-post-info\" data-id=\"8cf891a\" data-element_type=\"widget\" data-widget_type=\"post-info.default\">\n\t\t\t\t<div class=\"elementor-widget-container\">\n\t\t\t\t\t<ul class=\"elementor-inline-items elementor-icon-list-items elementor-post-info\">\n\t\t\t\t\t\t\t\t<li class=\"elementor-icon-list-item elementor-repeater-item-975510f elementor-inline-item\" itemprop=\"datePublished\">\n\t\t\t\t\t\t\t\t\t\t\t\t\t<span class=\"elementor-icon-list-text elementor-post-info__item elementor-post-info__item--type-date\">\n\t\t\t\t\t\t\t\t\t\t<time>22\/01\/2025<\/time>\t\t\t\t\t<\/span>\n\t\t\t\t\t\t\t\t<\/li>\n\t\t\t\t<\/ul>\n\t\t\t\t<\/div>\n\t\t\t\t<\/div>\n\t\t\t\t<\/div>\n\t\t\t\t\t<\/div>\n\t\t\t\t<\/div>\n\t\t\t\t\t<\/div>\n\t\t\t\t<\/div>\n\t\t\t\t<\/div>\n\t\t\t\t<\/div>\n\t\t\t\t\t<span class=\"e-load-more-spinner\">\n\t\t\t\t<svg aria-hidden=\"true\" class=\"e-font-icon-svg e-fas-spinner\" viewbox=\"0 0 512 512\" xmlns=\"http:\/\/www.w3.org\/2000\/svg\"><path d=\"M304 48c0 26.51-21.49 48-48 48s-48-21.49-48-48 21.49-48 48-48 48 21.49 48 48zm-48 368c-26.51 0-48 21.49-48 48s21.49 48 48 48 48-21.49 48-48-21.49-48-48-48zm208-208c-26.51 0-48 21.49-48 48s21.49 48 48 48 48-21.49 48-48-21.49-48-48-48zM96 256c0-26.51-21.49-48-48-48S0 229.49 0 256s21.49 48 48 48 48-21.49 48-48zm12.922 99.078c-26.51 0-48 21.49-48 48s21.49 48 48 48 48-21.49 48-48c0-26.509-21.491-48-48-48zm294.156 0c-26.51 0-48 21.49-48 48s21.49 48 48 48 48-21.49 48-48c0-26.509-21.49-48-48-48zM108.922 60.922c-26.51 0-48 21.49-48 48s21.49 48 48 48 48-21.49 48-48-21.491-48-48-48z\"><\/path><\/svg>\t\t\t<\/span>\n\t\t\n\t\t\t\t<\/div>\n\t\t\t\t<\/div>\n\t\t\t\t\t<\/div>\n\t\t\t\t<\/div>\n\t\t\t\t<\/div>","protected":false},"excerpt":{"rendered":"<p>Tr\u00f2 ch\u01a1i th\u1ebb b\u00e0i &amp; chi\u1ebfn l\u01b0\u1ee3c<\/p>","protected":false},"author":1,"featured_media":254,"parent":0,"menu_order":0,"comment_status":"closed","ping_status":"closed","template":"","meta":{"_acf_changed":false,"footnotes":""},"class_list":["post-1063","page","type-page","status-publish","has-post-thumbnail","hentry"],"acf":[],"yoast_head":"<!-- This site is optimized with the Yoast SEO plugin v25.9 - https:\/\/yoast.com\/wordpress\/plugins\/seo\/ -->\n<title>Card &amp; Strategy Games on Blockchain | Master NFT Deck Battles<\/title>\n<meta name=\"description\" content=\"Master blockchain card &amp; strategy games. Build powerful NFT decks, engage in tactical battles, and explore the world of crypto collectible card games.\" \/>\n<meta name=\"robots\" content=\"index, follow, max-snippet:-1, max-image-preview:large, max-video-preview:-1\" \/>\n<link rel=\"canonical\" href=\"https:\/\/ericguild.gg\/vi\/tro-choi-chien-luoc-the-bai\/\" \/>\n<meta property=\"og:locale\" content=\"vi_VN\" \/>\n<meta property=\"og:type\" content=\"article\" \/>\n<meta property=\"og:title\" content=\"Card &amp; Strategy Games on Blockchain | Master NFT Deck Battles\" \/>\n<meta property=\"og:description\" content=\"Master blockchain card &amp; strategy games. Build powerful NFT decks, engage in tactical battles, and explore the world of crypto collectible card games.\" \/>\n<meta property=\"og:url\" content=\"https:\/\/ericguild.gg\/vi\/tro-choi-chien-luoc-the-bai\/\" \/>\n<meta property=\"og:site_name\" content=\"Eric Guild Game\" \/>\n<meta property=\"article:modified_time\" content=\"2025-05-02T01:06:14+00:00\" \/>\n<meta property=\"og:image\" content=\"https:\/\/ericguild.gg\/wp-content\/uploads\/2024\/05\/ericguild.gg-preview.jpg\" \/>\n\t<meta property=\"og:image:width\" content=\"1200\" \/>\n\t<meta property=\"og:image:height\" content=\"600\" \/>\n\t<meta property=\"og:image:type\" content=\"image\/jpeg\" \/>\n<meta name=\"twitter:card\" content=\"summary_large_image\" \/>\n<meta name=\"twitter:label1\" content=\"\u01af\u1edbc t\u00ednh th\u1eddi gian \u0111\u1ecdc\" \/>\n\t<meta name=\"twitter:data1\" content=\"1 ph\u00fat\" \/>\n<script type=\"application\/ld+json\" class=\"yoast-schema-graph\">{\"@context\":\"https:\/\/schema.org\",\"@graph\":[{\"@type\":\"WebPage\",\"@id\":\"https:\/\/ericguild.gg\/card-strategy-game\/\",\"url\":\"https:\/\/ericguild.gg\/card-strategy-game\/\",\"name\":\"Card & Strategy Games on Blockchain | Master NFT Deck Battles\",\"isPartOf\":{\"@id\":\"https:\/\/ericguild.gg\/#website\"},\"primaryImageOfPage\":{\"@id\":\"https:\/\/ericguild.gg\/card-strategy-game\/#primaryimage\"},\"image\":{\"@id\":\"https:\/\/ericguild.gg\/card-strategy-game\/#primaryimage\"},\"thumbnailUrl\":\"https:\/\/ericguild.gg\/wp-content\/uploads\/2024\/05\/ericguild.gg-preview.jpg\",\"datePublished\":\"2025-03-04T02:20:40+00:00\",\"dateModified\":\"2025-05-02T01:06:14+00:00\",\"description\":\"Master blockchain card & strategy games. Build powerful NFT decks, engage in tactical battles, and explore the world of crypto collectible card games.\",\"breadcrumb\":{\"@id\":\"https:\/\/ericguild.gg\/card-strategy-game\/#breadcrumb\"},\"inLanguage\":\"vi\",\"potentialAction\":[{\"@type\":\"ReadAction\",\"target\":[\"https:\/\/ericguild.gg\/card-strategy-game\/\"]}]},{\"@type\":\"ImageObject\",\"inLanguage\":\"vi\",\"@id\":\"https:\/\/ericguild.gg\/card-strategy-game\/#primaryimage\",\"url\":\"https:\/\/ericguild.gg\/wp-content\/uploads\/2024\/05\/ericguild.gg-preview.jpg\",\"contentUrl\":\"https:\/\/ericguild.gg\/wp-content\/uploads\/2024\/05\/ericguild.gg-preview.jpg\",\"width\":1200,\"height\":600,\"caption\":\"ericguild.gg\"},{\"@type\":\"BreadcrumbList\",\"@id\":\"https:\/\/ericguild.gg\/card-strategy-game\/#breadcrumb\",\"itemListElement\":[{\"@type\":\"ListItem\",\"position\":1,\"name\":\"Home\",\"item\":\"https:\/\/ericguild.gg\/\"},{\"@type\":\"ListItem\",\"position\":2,\"name\":\"Card &amp; Strategy Game\"}]},{\"@type\":\"WebSite\",\"@id\":\"https:\/\/ericguild.gg\/#website\",\"url\":\"https:\/\/ericguild.gg\/\",\"name\":\"Eric Guild Game\",\"description\":\"\",\"publisher\":{\"@id\":\"https:\/\/ericguild.gg\/#organization\"},\"potentialAction\":[{\"@type\":\"SearchAction\",\"target\":{\"@type\":\"EntryPoint\",\"urlTemplate\":\"https:\/\/ericguild.gg\/?s={search_term_string}\"},\"query-input\":{\"@type\":\"PropertyValueSpecification\",\"valueRequired\":true,\"valueName\":\"search_term_string\"}}],\"inLanguage\":\"vi\"},{\"@type\":\"Organization\",\"@id\":\"https:\/\/ericguild.gg\/#organization\",\"name\":\"Eric Guild Game\",\"url\":\"https:\/\/ericguild.gg\/\",\"logo\":{\"@type\":\"ImageObject\",\"inLanguage\":\"vi\",\"@id\":\"https:\/\/ericguild.gg\/#\/schema\/logo\/image\/\",\"url\":\"https:\/\/ericguild.gg\/wp-content\/uploads\/2024\/03\/LOGO-1.svg\",\"contentUrl\":\"https:\/\/ericguild.gg\/wp-content\/uploads\/2024\/03\/LOGO-1.svg\",\"width\":306,\"height\":306,\"caption\":\"Eric Guild Game\"},\"image\":{\"@id\":\"https:\/\/ericguild.gg\/#\/schema\/logo\/image\/\"}}]}<\/script>\n<!-- \/ Yoast SEO plugin. -->","yoast_head_json":{"title":"Card & Strategy Games on Blockchain | Master NFT Deck Battles","description":"Master blockchain card & strategy games. Build powerful NFT decks, engage in tactical battles, and explore the world of crypto collectible card games.","robots":{"index":"index","follow":"follow","max-snippet":"max-snippet:-1","max-image-preview":"max-image-preview:large","max-video-preview":"max-video-preview:-1"},"canonical":"https:\/\/ericguild.gg\/vi\/tro-choi-chien-luoc-the-bai\/","og_locale":"vi_VN","og_type":"article","og_title":"Card & Strategy Games on Blockchain | Master NFT Deck Battles","og_description":"Master blockchain card & strategy games. Build powerful NFT decks, engage in tactical battles, and explore the world of crypto collectible card games.","og_url":"https:\/\/ericguild.gg\/vi\/tro-choi-chien-luoc-the-bai\/","og_site_name":"Eric Guild Game","article_modified_time":"2025-05-02T01:06:14+00:00","og_image":[{"width":1200,"height":600,"url":"https:\/\/ericguild.gg\/wp-content\/uploads\/2024\/05\/ericguild.gg-preview.jpg","type":"image\/jpeg"}],"twitter_card":"summary_large_image","twitter_misc":{"\u01af\u1edbc t\u00ednh th\u1eddi gian \u0111\u1ecdc":"1 ph\u00fat"},"schema":{"@context":"https:\/\/schema.org","@graph":[{"@type":"WebPage","@id":"https:\/\/ericguild.gg\/card-strategy-game\/","url":"https:\/\/ericguild.gg\/card-strategy-game\/","name":"Card & Strategy Games on Blockchain | Master NFT Deck Battles","isPartOf":{"@id":"https:\/\/ericguild.gg\/#website"},"primaryImageOfPage":{"@id":"https:\/\/ericguild.gg\/card-strategy-game\/#primaryimage"},"image":{"@id":"https:\/\/ericguild.gg\/card-strategy-game\/#primaryimage"},"thumbnailUrl":"https:\/\/ericguild.gg\/wp-content\/uploads\/2024\/05\/ericguild.gg-preview.jpg","datePublished":"2025-03-04T02:20:40+00:00","dateModified":"2025-05-02T01:06:14+00:00","description":"Master blockchain card & strategy games. Build powerful NFT decks, engage in tactical battles, and explore the world of crypto collectible card games.","breadcrumb":{"@id":"https:\/\/ericguild.gg\/card-strategy-game\/#breadcrumb"},"inLanguage":"vi","potentialAction":[{"@type":"ReadAction","target":["https:\/\/ericguild.gg\/card-strategy-game\/"]}]},{"@type":"ImageObject","inLanguage":"vi","@id":"https:\/\/ericguild.gg\/card-strategy-game\/#primaryimage","url":"https:\/\/ericguild.gg\/wp-content\/uploads\/2024\/05\/ericguild.gg-preview.jpg","contentUrl":"https:\/\/ericguild.gg\/wp-content\/uploads\/2024\/05\/ericguild.gg-preview.jpg","width":1200,"height":600,"caption":"ericguild.gg"},{"@type":"BreadcrumbList","@id":"https:\/\/ericguild.gg\/card-strategy-game\/#breadcrumb","itemListElement":[{"@type":"ListItem","position":1,"name":"Home","item":"https:\/\/ericguild.gg\/"},{"@type":"ListItem","position":2,"name":"Card &amp; Strategy Game"}]},{"@type":"WebSite","@id":"https:\/\/ericguild.gg\/#website","url":"https:\/\/ericguild.gg\/","name":"Eric Guild Game","description":"","publisher":{"@id":"https:\/\/ericguild.gg\/#organization"},"potentialAction":[{"@type":"SearchAction","target":{"@type":"EntryPoint","urlTemplate":"https:\/\/ericguild.gg\/?s={search_term_string}"},"query-input":{"@type":"PropertyValueSpecification","valueRequired":true,"valueName":"search_term_string"}}],"inLanguage":"vi"},{"@type":"Organization","@id":"https:\/\/ericguild.gg\/#organization","name":"Eric Guild Game","url":"https:\/\/ericguild.gg\/","logo":{"@type":"ImageObject","inLanguage":"vi","@id":"https:\/\/ericguild.gg\/#\/schema\/logo\/image\/","url":"https:\/\/ericguild.gg\/wp-content\/uploads\/2024\/03\/LOGO-1.svg","contentUrl":"https:\/\/ericguild.gg\/wp-content\/uploads\/2024\/03\/LOGO-1.svg","width":306,"height":306,"caption":"Eric Guild Game"},"image":{"@id":"https:\/\/ericguild.gg\/#\/schema\/logo\/image\/"}}]}},"_links":{"self":[{"href":"https:\/\/ericguild.gg\/vi\/wp-json\/wp\/v2\/pages\/1063","targetHints":{"allow":["GET"]}}],"collection":[{"href":"https:\/\/ericguild.gg\/vi\/wp-json\/wp\/v2\/pages"}],"about":[{"href":"https:\/\/ericguild.gg\/vi\/wp-json\/wp\/v2\/types\/page"}],"author":[{"embeddable":true,"href":"https:\/\/ericguild.gg\/vi\/wp-json\/wp\/v2\/users\/1"}],"replies":[{"embeddable":true,"href":"https:\/\/ericguild.gg\/vi\/wp-json\/wp\/v2\/comments?post=1063"}],"version-history":[{"count":4,"href":"https:\/\/ericguild.gg\/vi\/wp-json\/wp\/v2\/pages\/1063\/revisions"}],"predecessor-version":[{"id":1105,"href":"https:\/\/ericguild.gg\/vi\/wp-json\/wp\/v2\/pages\/1063\/revisions\/1105"}],"wp:featuredmedia":[{"embeddable":true,"href":"https:\/\/ericguild.gg\/vi\/wp-json\/wp\/v2\/media\/254"}],"wp:attachment":[{"href":"https:\/\/ericguild.gg\/vi\/wp-json\/wp\/v2\/media?parent=1063"}],"curies":[{"name":"wp","href":"https:\/\/api.w.org\/{rel}","templated":true}]}}